{"id":17,"date":"2019-07-05T12:19:36","date_gmt":"2019-07-05T10:19:36","guid":{"rendered":"https:\/\/ve-con.com\/?page_id=17"},"modified":"2024-10-10T14:11:50","modified_gmt":"2024-10-10T12:11:50","slug":"kontakt","status":"publish","type":"page","link":"https:\/\/ve-con.com\/en\/kontakt\/","title":{"rendered":"Kontakt"},"content":{"rendered":"<p>[vc_row][vc_column][vc_empty_space height=&#8221;150px&#8221;][vc_row_inner][vc_column_inner width=&#8221;1\/2&#8243;][vc_column_text]<\/p>\n<p data-pm-slice=\"1 1 []\"><strong>Stammsitz:<\/strong><br \/>\nvecon GmbH<br \/>\nL\u00fctzner Stra\u00dfe 147<br \/>\n04179 Leipzig<\/p>\n<p><strong>Produktionsst\u00e4tte (Adresse f\u00fcr Lieferungen):<\/strong><br \/>\nvecon GmbH<br \/>\nZum Siegblick 47<br \/>\n53757 Sankt Augustin[\/vc_column_text][\/vc_column_inner][vc_column_inner width=&#8221;1\/2&#8243;][vc_single_image image=&#8221;488&#8243; img_size=&#8221;498&#215;657&#8243; css_animation=&#8221;none&#8221;][\/vc_column_inner][\/vc_row_inner][\/vc_column][\/vc_row][vc_row][vc_column][vc_column_text el_class=&#8221;contact-wpb_wrapper&#8221;]<\/p>\n<h1>Ansprechpartner<\/h1>\n<p>[\/vc_column_text][vc_row_inner][vc_column_inner width=&#8221;1\/4&#8243;][vc_column_text]<strong>Marc Hoffacker<\/strong><br \/>\nManaging Director<br \/>\nT +49 (0) 20 56 58 56 42<br \/>\nm.hoffacker@ve-con.com[\/vc_column_text][\/vc_column_inner][vc_column_inner width=&#8221;1\/4&#8243;][vc_column_text]<strong>Frank M\u00fcller<\/strong><br \/>\nHandwerker<br \/>\nT +49 (0) 151 &#8211; 52612-372<br \/>\nf.mueller@ve-con.com<br \/>\n<a href=\"https:\/\/ve-con.com\/wp-content\/uploads\/2022\/03\/flyer-handwerker_rev03.pdf\">weitere Informationen<\/a>[\/vc_column_text][\/vc_column_inner][vc_column_inner width=&#8221;1\/4&#8243;][\/vc_column_inner][\/vc_row_inner][\/vc_column][\/vc_row][vc_row][vc_column][vc_column_text el_class=&#8221;contact-wpb_wrapper&#8221;]<\/p>\n<h1>send us a message<\/h1>\n<p>[\/vc_column_text][\/vc_column][\/vc_row][vc_row][vc_column]\n<div class=\"wpcf7 no-js\" id=\"wpcf7-f239-o1\" lang=\"de-DE\" dir=\"ltr\" data-wpcf7-id=\"239\">\n<div class=\"screen-reader-response\"><p role=\"status\" aria-live=\"polite\" aria-atomic=\"true\"><\/p> <ul><\/ul><\/div>\n<form action=\"\/en\/wp-json\/wp\/v2\/pages\/17#wpcf7-f239-o1\" method=\"post\" class=\"wpcf7-form init\" aria-label=\"Kontaktformular\" novalidate=\"novalidate\" data-status=\"init\">\n<fieldset class=\"hidden-fields-container\"><input type=\"hidden\" name=\"_wpcf7\" value=\"239\" \/><input type=\"hidden\" name=\"_wpcf7_version\" value=\"6.1.5\" \/><input type=\"hidden\" name=\"_wpcf7_locale\" value=\"de_DE\" \/><input type=\"hidden\" name=\"_wpcf7_unit_tag\" value=\"wpcf7-f239-o1\" \/><input type=\"hidden\" name=\"_wpcf7_container_post\" value=\"0\" \/><input type=\"hidden\" name=\"_wpcf7_posted_data_hash\" value=\"\" \/><input type=\"hidden\" name=\"_wpcf7_recaptcha_response\" value=\"\" \/>\n<\/fieldset>\n<p><span id=\"wpcf7-69d242e62d61f-wrapper\" class=\"wpcf7-form-control-wrap honeypot-279-wrap\" style=\"display:none !important; visibility:hidden !important;\"><input type=\"hidden\" name=\"honeypot-279-time-start\" value=\"1775387366\"><input type=\"hidden\" name=\"honeypot-279-time-check\" value=\"6\"><label for=\"anrede\" class=\"hp-message\">Bitte lasse dieses Feld leer.<\/label><input id=\"anrede\"  placeholder=\"anrede\"  class=\"wpcf7-form-control wpcf7-text anrede\" type=\"text\" name=\"honeypot-279\" value=\"\" size=\"40\" tabindex=\"-1\" autocomplete=\"new-password\" \/><\/span><label> Name (required)<br \/>\n<span class=\"wpcf7-form-control-wrap\" data-name=\"your-name\"><input size=\"40\" maxlength=\"400\" class=\"wpcf7-form-control wpcf7-text wpcf7-validates-as-required\" aria-required=\"true\" aria-invalid=\"false\" value=\"\" type=\"text\" name=\"your-name\" \/><\/span> <\/label>\n<\/p>\n<p><label> E-Mail-Address (required)<br \/>\n<span class=\"wpcf7-form-control-wrap\" data-name=\"your-email\"><input size=\"40\" maxlength=\"400\" class=\"wpcf7-form-control wpcf7-email wpcf7-validates-as-required wpcf7-text wpcf7-validates-as-email\" aria-required=\"true\" aria-invalid=\"false\" value=\"\" type=\"email\" name=\"your-email\" \/><\/span> <\/label>\n<\/p>\n<p><label> Subject<br \/>\n<span class=\"wpcf7-form-control-wrap\" data-name=\"your-subject\"><input size=\"40\" maxlength=\"400\" class=\"wpcf7-form-control wpcf7-text\" aria-invalid=\"false\" value=\"\" type=\"text\" name=\"your-subject\" \/><\/span> <\/label>\n<\/p>\n<p><label> Your message<br \/>\n<span class=\"wpcf7-form-control-wrap\" data-name=\"your-message\"><textarea cols=\"40\" rows=\"10\" maxlength=\"2000\" class=\"wpcf7-form-control wpcf7-textarea\" aria-invalid=\"false\" name=\"your-message\"><\/textarea><\/span> <\/label>\n<\/p>\n<p><input class=\"wpcf7-form-control wpcf7-submit has-spinner\" type=\"submit\" value=\"Send\" \/>\n<\/p><div class=\"wpcf7-response-output\" aria-hidden=\"true\"><\/div>\n<\/form>\n<\/div>\n[\/vc_column][\/vc_row]<\/p>\n","protected":false},"excerpt":{"rendered":"<p>[vc_row][vc_column][vc_empty_space height=&#8221;150px&#8221;][vc_row_inner][vc_column_inner width=&#8221;1\/2&#8243;][vc_column_text] Stammsitz: vecon GmbH L\u00fctzner Stra\u00dfe 147 04179 Leipzig Produktionsst\u00e4tte (Adresse f\u00fcr Lieferungen): vecon GmbH Zum Siegblick 47 53757 Sankt Augustin[\/vc_column_text][\/vc_column_inner][vc_column_inner width=&#8221;1\/2&#8243;][vc_single_image image=&#8221;488&#8243; img_size=&#8221;498&#215;657&#8243; css_animation=&#8221;none&#8221;][\/vc_column_inner][\/vc_row_inner][\/vc_column][\/vc_row][vc_row][vc_column][vc_column_text el_class=&#8221;contact-wpb_wrapper&#8221;] Ansprechpartner [\/vc_column_text][vc_row_inner][vc_column_inner width=&#8221;1\/4&#8243;][vc_column_text]Marc Hoffacker Managing Director T +49 (0) 20 56 58 56 42 m.hoffacker@ve-con.com[\/vc_column_text][\/vc_column_inner][vc_column_inner width=&#8221;1\/4&#8243;][vc_column_text]Frank M\u00fcller Handwerker T +49 (0) 151 &#8211; 52612-372 f.mueller@ve-con.com weitere Informationen[\/vc_column_text][\/vc_column_inner][vc_column_inner &hellip; <a href=\"https:\/\/ve-con.com\/en\/kontakt\/\" class=\"more-link\">Continue reading<span class=\"screen-reader-text\"> &#8220;Kontakt&#8221;<\/span><\/a><\/p>\n","protected":false},"author":1,"featured_media":0,"parent":0,"menu_order":0,"comment_status":"closed","ping_status":"closed","template":"","meta":{"footnotes":""},"class_list":["post-17","page","type-page","status-publish","hentry"],"translation":{"provider":"WPGlobus","version":"3.0.2","language":"en","enabled_languages":["de","en"],"languages":{"de":{"title":true,"content":true,"excerpt":false},"en":{"title":false,"content":false,"excerpt":false}}},"_links":{"self":[{"href":"https:\/\/ve-con.com\/en\/wp-json\/wp\/v2\/pages\/17","targetHints":{"allow":["GET"]}}],"collection":[{"href":"https:\/\/ve-con.com\/en\/wp-json\/wp\/v2\/pages"}],"about":[{"href":"https:\/\/ve-con.com\/en\/wp-json\/wp\/v2\/types\/page"}],"author":[{"embeddable":true,"href":"https:\/\/ve-con.com\/en\/wp-json\/wp\/v2\/users\/1"}],"replies":[{"embeddable":true,"href":"https:\/\/ve-con.com\/en\/wp-json\/wp\/v2\/comments?post=17"}],"version-history":[{"count":54,"href":"https:\/\/ve-con.com\/en\/wp-json\/wp\/v2\/pages\/17\/revisions"}],"predecessor-version":[{"id":489,"href":"https:\/\/ve-con.com\/en\/wp-json\/wp\/v2\/pages\/17\/revisions\/489"}],"wp:attachment":[{"href":"https:\/\/ve-con.com\/en\/wp-json\/wp\/v2\/media?parent=17"}],"curies":[{"name":"wp","href":"https:\/\/api.w.org\/{rel}","templated":true}]}}